{"id":878,"date":"2023-03-14T12:53:57","date_gmt":"2023-03-14T11:53:57","guid":{"rendered":"https:\/\/aiosaoliveoil.com\/en\/?post_type=product&#038;p=878"},"modified":"2024-09-25T14:00:29","modified_gmt":"2024-09-25T12:00:29","slug":"5-litros-aove-premium-coupage","status":"publish","type":"product","link":"https:\/\/aiosaoliveoil.com\/es\/tienda-online\/5-litros-aove-premium-coupage\/","title":{"rendered":"5 litros Aove Premium Coupage"},"content":{"rendered":"<p>Si eres un amante de nuestro aceite de oliva virgen extra Aiosa Coupage, el formato m\u00e1s c\u00f3modo es nuestra lata de 5L.<\/p>\n<p>Nuestro aceite de oliva virgen extra Aiosa Coupage se elabora a partir de un coupage de las variedades Royal, Arbequina, Empeltre y Verde\u00f1a, todas ellas recolectadas a principios de noviembre cuando a\u00fan est\u00e1n verdes y en transici\u00f3n al envero. El aceite resultante tiene un amargor medio y un agradable picor en boca, con notas de tomate, hinojo, alloza y alcachofa en nariz. Este vers\u00e1til aceite combina a la perfecci\u00f3n con queso fresco, aguacate, ensalada de tomate y verduras.<\/p>\n<p>Nota: Las im\u00e1genes son meramente ilustrativas y el producto final puede variar ligeramente.<\/p>\n","protected":false},"excerpt":{"rendered":"<p>Si eres un amante de nuestro aceite de oliva virgen extra Aiosa Coupage, el formato m\u00e1s c\u00f3modo es nuestra lata de 5L. Nuestro aceite de oliva virgen extra Aiosa Coupage se elabora a partir de un coupage de las variedades Royal, Arbequina, Empeltre y Verde\u00f1a, todas ellas recolectadas a principios de noviembre cuando a\u00fan est\u00e1n [&hellip;]<\/p>\n","protected":false},"featured_media":1317,"comment_status":"open","ping_status":"closed","template":"","meta":{"_et_pb_use_builder":"off","_et_pb_old_content":"If you are a lover of our Aiosa Coupage extra virgin olive oil, the most convenient format is our 5L can.\r\n\r\nOur Aiosa Coupage extra virgin olive oil is crafted from a blend of the Royal, Arbequina, Empeltre, and Verde\u00f1a olive varieties, all harvested in early November while still green and transitioning to veraison. The resulting oil has a medium bitterness and a pleasant spiciness on the palate, with notes of tomato, fennel, alloza, and artichoke on the nose. This versatile oil pairs perfectly with fresh cheese, avocado, tomato salad, and vegetables.","_et_gb_content_width":"","_trash_the_other_posts":false},"product_brand":[],"product_cat":[47],"product_tag":[],"class_list":{"0":"post-878","1":"product","2":"type-product","3":"status-publish","4":"has-post-thumbnail","6":"product_cat-aove","8":"first","9":"outofstock","10":"sale","11":"taxable","12":"shipping-taxable","13":"purchasable","14":"product-type-variable","15":"has-default-attributes"},"yoast_head":"<!-- This site is optimized with the Yoast SEO plugin v24.4 - https:\/\/yoast.com\/wordpress\/plugins\/seo\/ -->\n<title>5 litros Aove Premium Coupage - Evoo Online Store - AIOSA Aceite de Oliva<\/title>\n<meta name=\"description\" content=\"5 liters evoo premium coupage in our online store. If you are a lover of our Aiosa Evoo Coupage extra virgin olive oil, the most convenient format is our 5L can.\" \/>\n<meta name=\"robots\" content=\"index, follow, max-snippet:-1, max-image-preview:large, max-video-preview:-1\" \/>\n<link rel=\"canonical\" href=\"https:\/\/aiosaoliveoil.com\/es\/tienda-online\/5-litros-aove-premium-coupage\/\" \/>\n<meta property=\"og:locale\" content=\"es_ES\" \/>\n<meta property=\"og:type\" content=\"article\" \/>\n<meta property=\"og:title\" content=\"5 litros Aove Premium Coupage - Evoo Online Store - AIOSA Aceite de Oliva\" \/>\n<meta property=\"og:description\" content=\"5 liters evoo premium coupage in our online store. If you are a lover of our Aiosa Evoo Coupage extra virgin olive oil, the most convenient format is our 5L can.\" \/>\n<meta property=\"og:url\" content=\"https:\/\/aiosaoliveoil.com\/es\/tienda-online\/5-litros-aove-premium-coupage\/\" \/>\n<meta property=\"og:site_name\" content=\"AIOSA Aceite de Oliva\" \/>\n<meta property=\"article:modified_time\" content=\"2024-09-25T12:00:29+00:00\" \/>\n<meta property=\"og:image\" content=\"https:\/\/aiosaoliveoil.com\/es\/wp-content\/uploads\/sites\/3\/2023\/03\/aiosa_lata-1.gif\" \/>\n\t<meta property=\"og:image:width\" content=\"600\" \/>\n\t<meta property=\"og:image:height\" content=\"600\" \/>\n\t<meta property=\"og:image:type\" content=\"image\/gif\" \/>\n<meta name=\"twitter:card\" content=\"summary_large_image\" \/>\n<meta name=\"twitter:label1\" content=\"Tiempo de lectura\" \/>\n\t<meta name=\"twitter:data1\" content=\"1 minuto\" \/>\n<script type=\"application\/ld+json\" class=\"yoast-schema-graph\">{\"@context\":\"https:\/\/schema.org\",\"@graph\":[{\"@type\":\"WebPage\",\"@id\":\"https:\/\/aiosaoliveoil.com\/es\/tienda-online\/5-litros-aove-premium-coupage\/\",\"url\":\"https:\/\/aiosaoliveoil.com\/es\/tienda-online\/5-litros-aove-premium-coupage\/\",\"name\":\"5 litros Aove Premium Coupage - Evoo Online Store - AIOSA Aceite de Oliva\",\"isPartOf\":{\"@id\":\"https:\/\/aiosaoliveoil.com\/es\/#website\"},\"primaryImageOfPage\":{\"@id\":\"https:\/\/aiosaoliveoil.com\/es\/tienda-online\/5-litros-aove-premium-coupage\/#primaryimage\"},\"image\":{\"@id\":\"https:\/\/aiosaoliveoil.com\/es\/tienda-online\/5-litros-aove-premium-coupage\/#primaryimage\"},\"thumbnailUrl\":\"https:\/\/aiosaoliveoil.com\/es\/wp-content\/uploads\/sites\/3\/2023\/03\/aiosa_lata-1.gif\",\"datePublished\":\"2023-03-14T11:53:57+00:00\",\"dateModified\":\"2024-09-25T12:00:29+00:00\",\"description\":\"5 liters evoo premium coupage in our online store. If you are a lover of our Aiosa Evoo Coupage extra virgin olive oil, the most convenient format is our 5L can.\",\"breadcrumb\":{\"@id\":\"https:\/\/aiosaoliveoil.com\/es\/tienda-online\/5-litros-aove-premium-coupage\/#breadcrumb\"},\"inLanguage\":\"es\",\"potentialAction\":[{\"@type\":\"ReadAction\",\"target\":[\"https:\/\/aiosaoliveoil.com\/es\/tienda-online\/5-litros-aove-premium-coupage\/\"]}]},{\"@type\":\"ImageObject\",\"inLanguage\":\"es\",\"@id\":\"https:\/\/aiosaoliveoil.com\/es\/tienda-online\/5-litros-aove-premium-coupage\/#primaryimage\",\"url\":\"https:\/\/aiosaoliveoil.com\/es\/wp-content\/uploads\/sites\/3\/2023\/03\/aiosa_lata-1.gif\",\"contentUrl\":\"https:\/\/aiosaoliveoil.com\/es\/wp-content\/uploads\/sites\/3\/2023\/03\/aiosa_lata-1.gif\",\"width\":600,\"height\":600},{\"@type\":\"BreadcrumbList\",\"@id\":\"https:\/\/aiosaoliveoil.com\/es\/tienda-online\/5-litros-aove-premium-coupage\/#breadcrumb\",\"itemListElement\":[{\"@type\":\"ListItem\",\"position\":1,\"name\":\"Home\",\"item\":\"https:\/\/aiosaoliveoil.com\/es\/\"},{\"@type\":\"ListItem\",\"position\":2,\"name\":\"Tienda\",\"item\":\"https:\/\/aiosaoliveoil.com\/es\/tienda\/\"},{\"@type\":\"ListItem\",\"position\":3,\"name\":\"5 litros Aove Premium Coupage\"}]},{\"@type\":\"WebSite\",\"@id\":\"https:\/\/aiosaoliveoil.com\/es\/#website\",\"url\":\"https:\/\/aiosaoliveoil.com\/es\/\",\"name\":\"AIOSA Aceite de Oliva\",\"description\":\"Aiosa Olive Oil\",\"potentialAction\":[{\"@type\":\"SearchAction\",\"target\":{\"@type\":\"EntryPoint\",\"urlTemplate\":\"https:\/\/aiosaoliveoil.com\/es\/?s={search_term_string}\"},\"query-input\":{\"@type\":\"PropertyValueSpecification\",\"valueRequired\":true,\"valueName\":\"search_term_string\"}}],\"inLanguage\":\"es\"}]}<\/script>\n<!-- \/ Yoast SEO plugin. -->","yoast_head_json":{"title":"5 litros Aove Premium Coupage - Evoo Online Store - AIOSA Aceite de Oliva","description":"5 liters evoo premium coupage in our online store. If you are a lover of our Aiosa Evoo Coupage extra virgin olive oil, the most convenient format is our 5L can.","robots":{"index":"index","follow":"follow","max-snippet":"max-snippet:-1","max-image-preview":"max-image-preview:large","max-video-preview":"max-video-preview:-1"},"canonical":"https:\/\/aiosaoliveoil.com\/es\/tienda-online\/5-litros-aove-premium-coupage\/","og_locale":"es_ES","og_type":"article","og_title":"5 litros Aove Premium Coupage - Evoo Online Store - AIOSA Aceite de Oliva","og_description":"5 liters evoo premium coupage in our online store. If you are a lover of our Aiosa Evoo Coupage extra virgin olive oil, the most convenient format is our 5L can.","og_url":"https:\/\/aiosaoliveoil.com\/es\/tienda-online\/5-litros-aove-premium-coupage\/","og_site_name":"AIOSA Aceite de Oliva","article_modified_time":"2024-09-25T12:00:29+00:00","og_image":[{"width":600,"height":600,"url":"https:\/\/aiosaoliveoil.com\/es\/wp-content\/uploads\/sites\/3\/2023\/03\/aiosa_lata-1.gif","type":"image\/gif"}],"twitter_card":"summary_large_image","twitter_misc":{"Tiempo de lectura":"1 minuto"},"schema":{"@context":"https:\/\/schema.org","@graph":[{"@type":"WebPage","@id":"https:\/\/aiosaoliveoil.com\/es\/tienda-online\/5-litros-aove-premium-coupage\/","url":"https:\/\/aiosaoliveoil.com\/es\/tienda-online\/5-litros-aove-premium-coupage\/","name":"5 litros Aove Premium Coupage - Evoo Online Store - AIOSA Aceite de Oliva","isPartOf":{"@id":"https:\/\/aiosaoliveoil.com\/es\/#website"},"primaryImageOfPage":{"@id":"https:\/\/aiosaoliveoil.com\/es\/tienda-online\/5-litros-aove-premium-coupage\/#primaryimage"},"image":{"@id":"https:\/\/aiosaoliveoil.com\/es\/tienda-online\/5-litros-aove-premium-coupage\/#primaryimage"},"thumbnailUrl":"https:\/\/aiosaoliveoil.com\/es\/wp-content\/uploads\/sites\/3\/2023\/03\/aiosa_lata-1.gif","datePublished":"2023-03-14T11:53:57+00:00","dateModified":"2024-09-25T12:00:29+00:00","description":"5 liters evoo premium coupage in our online store. If you are a lover of our Aiosa Evoo Coupage extra virgin olive oil, the most convenient format is our 5L can.","breadcrumb":{"@id":"https:\/\/aiosaoliveoil.com\/es\/tienda-online\/5-litros-aove-premium-coupage\/#breadcrumb"},"inLanguage":"es","potentialAction":[{"@type":"ReadAction","target":["https:\/\/aiosaoliveoil.com\/es\/tienda-online\/5-litros-aove-premium-coupage\/"]}]},{"@type":"ImageObject","inLanguage":"es","@id":"https:\/\/aiosaoliveoil.com\/es\/tienda-online\/5-litros-aove-premium-coupage\/#primaryimage","url":"https:\/\/aiosaoliveoil.com\/es\/wp-content\/uploads\/sites\/3\/2023\/03\/aiosa_lata-1.gif","contentUrl":"https:\/\/aiosaoliveoil.com\/es\/wp-content\/uploads\/sites\/3\/2023\/03\/aiosa_lata-1.gif","width":600,"height":600},{"@type":"BreadcrumbList","@id":"https:\/\/aiosaoliveoil.com\/es\/tienda-online\/5-litros-aove-premium-coupage\/#breadcrumb","itemListElement":[{"@type":"ListItem","position":1,"name":"Home","item":"https:\/\/aiosaoliveoil.com\/es\/"},{"@type":"ListItem","position":2,"name":"Tienda","item":"https:\/\/aiosaoliveoil.com\/es\/tienda\/"},{"@type":"ListItem","position":3,"name":"5 litros Aove Premium Coupage"}]},{"@type":"WebSite","@id":"https:\/\/aiosaoliveoil.com\/es\/#website","url":"https:\/\/aiosaoliveoil.com\/es\/","name":"AIOSA Aceite de Oliva","description":"Aiosa Olive Oil","potentialAction":[{"@type":"SearchAction","target":{"@type":"EntryPoint","urlTemplate":"https:\/\/aiosaoliveoil.com\/es\/?s={search_term_string}"},"query-input":{"@type":"PropertyValueSpecification","valueRequired":true,"valueName":"search_term_string"}}],"inLanguage":"es"}]}},"jetpack_sharing_enabled":true,"_links":{"self":[{"href":"https:\/\/aiosaoliveoil.com\/es\/wp-json\/wp\/v2\/product\/878","targetHints":{"allow":["GET"]}}],"collection":[{"href":"https:\/\/aiosaoliveoil.com\/es\/wp-json\/wp\/v2\/product"}],"about":[{"href":"https:\/\/aiosaoliveoil.com\/es\/wp-json\/wp\/v2\/types\/product"}],"replies":[{"embeddable":true,"href":"https:\/\/aiosaoliveoil.com\/es\/wp-json\/wp\/v2\/comments?post=878"}],"wp:featuredmedia":[{"embeddable":true,"href":"https:\/\/aiosaoliveoil.com\/es\/wp-json\/wp\/v2\/media\/1317"}],"wp:attachment":[{"href":"https:\/\/aiosaoliveoil.com\/es\/wp-json\/wp\/v2\/media?parent=878"}],"wp:term":[{"taxonomy":"product_brand","embeddable":true,"href":"https:\/\/aiosaoliveoil.com\/es\/wp-json\/wp\/v2\/product_brand?post=878"},{"taxonomy":"product_cat","embeddable":true,"href":"https:\/\/aiosaoliveoil.com\/es\/wp-json\/wp\/v2\/product_cat?post=878"},{"taxonomy":"product_tag","embeddable":true,"href":"https:\/\/aiosaoliveoil.com\/es\/wp-json\/wp\/v2\/product_tag?post=878"}],"curies":[{"name":"wp","href":"https:\/\/api.w.org\/{rel}","templated":true}]}}