{"id":791,"date":"2023-02-12T18:24:21","date_gmt":"2023-02-12T17:24:21","guid":{"rendered":"https:\/\/aiosaoliveoil.com\/en\/?post_type=product&#038;p=791"},"modified":"2026-03-06T17:43:04","modified_gmt":"2026-03-06T16:43:04","slug":"500ml-aove-premium-coupage","status":"publish","type":"product","link":"https:\/\/aiosaoliveoil.com\/es\/tienda-online\/500ml-aove-premium-coupage\/","title":{"rendered":"500ml Aove Premium Coupage"},"content":{"rendered":"<p>Disfrute de nuestro aceite de oliva virgen extra Aiosa Coupage en una c\u00f3moda botella d\u00f3rica dise\u00f1ada por Bruni Glass, con vidrio verde etrusco para una mejor conservaci\u00f3n de sus cualidades.<\/p>\n<p>Este aceite de oliva virgen extra de cosecha temprana se elabora con las variedades de aceituna Royal, Arbequina, Empeltre y Verde\u00f1a. Las aceitunas se recogen a principios de noviembre, cuando a\u00fan est\u00e1n verdes y en fase de envero.<\/p>\n<p>En boca, presenta un amargor medio con un ligero picor agradable, y en nariz, aromas de tomate, hinojo, alloza y alcachofa. Este aceite es perfecto para maridar con queso fresco, aguacate, ensalada de tomate o verduras.<\/p>\n<p>Nota: Las im\u00e1genes son meramente ilustrativas y el producto final puede variar ligeramente.<\/p>\n","protected":false},"excerpt":{"rendered":"<p>Disfrute de nuestro aceite de oliva virgen extra Aiosa Coupage en una c\u00f3moda botella d\u00f3rica dise\u00f1ada por Bruni Glass, con vidrio verde etrusco para una mejor conservaci\u00f3n de sus cualidades. Este aceite de oliva virgen extra de cosecha temprana se elabora con las variedades de aceituna Royal, Arbequina, Empeltre y Verde\u00f1a. Las aceitunas se recogen [&hellip;]<\/p>\n","protected":false},"featured_media":1298,"comment_status":"open","ping_status":"closed","template":"","meta":{"_et_pb_use_builder":"","_et_pb_old_content":"","_et_gb_content_width":"","_trash_the_other_posts":false},"product_brand":[],"product_cat":[47],"product_tag":[],"class_list":{"0":"post-791","1":"product","2":"type-product","3":"status-publish","4":"has-post-thumbnail","6":"product_cat-aove","8":"first","9":"outofstock","10":"sale","11":"taxable","12":"shipping-taxable","13":"purchasable","14":"product-type-variable","15":"has-default-attributes"},"yoast_head":"<!-- This site is optimized with the Yoast SEO plugin v24.4 - https:\/\/yoast.com\/wordpress\/plugins\/seo\/ -->\n<title>500ml Aove Premium Coupage - Evoo Online Store - AIOSA Aceite de Oliva<\/title>\n<meta name=\"description\" content=\"500ml Evoo premium coupage in our online store. Extra virgin olive oil in a convenient Doric bottle designed by Bruni Glass.\" \/>\n<meta name=\"robots\" content=\"index, follow, max-snippet:-1, max-image-preview:large, max-video-preview:-1\" \/>\n<link rel=\"canonical\" href=\"https:\/\/aiosaoliveoil.com\/es\/tienda-online\/500ml-aove-premium-coupage\/\" \/>\n<meta property=\"og:locale\" content=\"es_ES\" \/>\n<meta property=\"og:type\" content=\"article\" \/>\n<meta property=\"og:title\" content=\"500ml Aove Premium Coupage - Evoo Online Store - AIOSA Aceite de Oliva\" \/>\n<meta property=\"og:description\" content=\"500ml Evoo premium coupage in our online store. Extra virgin olive oil in a convenient Doric bottle designed by Bruni Glass.\" \/>\n<meta property=\"og:url\" content=\"https:\/\/aiosaoliveoil.com\/es\/tienda-online\/500ml-aove-premium-coupage\/\" \/>\n<meta property=\"og:site_name\" content=\"AIOSA Aceite de Oliva\" \/>\n<meta property=\"article:modified_time\" content=\"2026-03-06T16:43:04+00:00\" \/>\n<meta property=\"og:image\" content=\"https:\/\/aiosaoliveoil.com\/es\/wp-content\/uploads\/sites\/3\/2023\/02\/aiosa_botella.gif\" \/>\n\t<meta property=\"og:image:width\" content=\"600\" \/>\n\t<meta property=\"og:image:height\" content=\"600\" \/>\n\t<meta property=\"og:image:type\" content=\"image\/gif\" \/>\n<meta name=\"twitter:card\" content=\"summary_large_image\" \/>\n<meta name=\"twitter:label1\" content=\"Tiempo de lectura\" \/>\n\t<meta name=\"twitter:data1\" content=\"1 minuto\" \/>\n<script type=\"application\/ld+json\" class=\"yoast-schema-graph\">{\"@context\":\"https:\/\/schema.org\",\"@graph\":[{\"@type\":\"WebPage\",\"@id\":\"https:\/\/aiosaoliveoil.com\/es\/tienda-online\/500ml-aove-premium-coupage\/\",\"url\":\"https:\/\/aiosaoliveoil.com\/es\/tienda-online\/500ml-aove-premium-coupage\/\",\"name\":\"500ml Aove Premium Coupage - Evoo Online Store - AIOSA Aceite de Oliva\",\"isPartOf\":{\"@id\":\"https:\/\/aiosaoliveoil.com\/es\/#website\"},\"primaryImageOfPage\":{\"@id\":\"https:\/\/aiosaoliveoil.com\/es\/tienda-online\/500ml-aove-premium-coupage\/#primaryimage\"},\"image\":{\"@id\":\"https:\/\/aiosaoliveoil.com\/es\/tienda-online\/500ml-aove-premium-coupage\/#primaryimage\"},\"thumbnailUrl\":\"https:\/\/aiosaoliveoil.com\/es\/wp-content\/uploads\/sites\/3\/2023\/02\/aiosa_botella.gif\",\"datePublished\":\"2023-02-12T17:24:21+00:00\",\"dateModified\":\"2026-03-06T16:43:04+00:00\",\"description\":\"500ml Evoo premium coupage in our online store. Extra virgin olive oil in a convenient Doric bottle designed by Bruni Glass.\",\"breadcrumb\":{\"@id\":\"https:\/\/aiosaoliveoil.com\/es\/tienda-online\/500ml-aove-premium-coupage\/#breadcrumb\"},\"inLanguage\":\"es\",\"potentialAction\":[{\"@type\":\"ReadAction\",\"target\":[\"https:\/\/aiosaoliveoil.com\/es\/tienda-online\/500ml-aove-premium-coupage\/\"]}]},{\"@type\":\"ImageObject\",\"inLanguage\":\"es\",\"@id\":\"https:\/\/aiosaoliveoil.com\/es\/tienda-online\/500ml-aove-premium-coupage\/#primaryimage\",\"url\":\"https:\/\/aiosaoliveoil.com\/es\/wp-content\/uploads\/sites\/3\/2023\/02\/aiosa_botella.gif\",\"contentUrl\":\"https:\/\/aiosaoliveoil.com\/es\/wp-content\/uploads\/sites\/3\/2023\/02\/aiosa_botella.gif\",\"width\":600,\"height\":600},{\"@type\":\"BreadcrumbList\",\"@id\":\"https:\/\/aiosaoliveoil.com\/es\/tienda-online\/500ml-aove-premium-coupage\/#breadcrumb\",\"itemListElement\":[{\"@type\":\"ListItem\",\"position\":1,\"name\":\"Home\",\"item\":\"https:\/\/aiosaoliveoil.com\/es\/\"},{\"@type\":\"ListItem\",\"position\":2,\"name\":\"Tienda\",\"item\":\"https:\/\/aiosaoliveoil.com\/es\/tienda\/\"},{\"@type\":\"ListItem\",\"position\":3,\"name\":\"500ml Aove Premium Coupage\"}]},{\"@type\":\"WebSite\",\"@id\":\"https:\/\/aiosaoliveoil.com\/es\/#website\",\"url\":\"https:\/\/aiosaoliveoil.com\/es\/\",\"name\":\"AIOSA Aceite de Oliva\",\"description\":\"Aiosa Olive Oil\",\"potentialAction\":[{\"@type\":\"SearchAction\",\"target\":{\"@type\":\"EntryPoint\",\"urlTemplate\":\"https:\/\/aiosaoliveoil.com\/es\/?s={search_term_string}\"},\"query-input\":{\"@type\":\"PropertyValueSpecification\",\"valueRequired\":true,\"valueName\":\"search_term_string\"}}],\"inLanguage\":\"es\"}]}<\/script>\n<!-- \/ Yoast SEO plugin. -->","yoast_head_json":{"title":"500ml Aove Premium Coupage - Evoo Online Store - AIOSA Aceite de Oliva","description":"500ml Evoo premium coupage in our online store. Extra virgin olive oil in a convenient Doric bottle designed by Bruni Glass.","robots":{"index":"index","follow":"follow","max-snippet":"max-snippet:-1","max-image-preview":"max-image-preview:large","max-video-preview":"max-video-preview:-1"},"canonical":"https:\/\/aiosaoliveoil.com\/es\/tienda-online\/500ml-aove-premium-coupage\/","og_locale":"es_ES","og_type":"article","og_title":"500ml Aove Premium Coupage - Evoo Online Store - AIOSA Aceite de Oliva","og_description":"500ml Evoo premium coupage in our online store. Extra virgin olive oil in a convenient Doric bottle designed by Bruni Glass.","og_url":"https:\/\/aiosaoliveoil.com\/es\/tienda-online\/500ml-aove-premium-coupage\/","og_site_name":"AIOSA Aceite de Oliva","article_modified_time":"2026-03-06T16:43:04+00:00","og_image":[{"width":600,"height":600,"url":"https:\/\/aiosaoliveoil.com\/es\/wp-content\/uploads\/sites\/3\/2023\/02\/aiosa_botella.gif","type":"image\/gif"}],"twitter_card":"summary_large_image","twitter_misc":{"Tiempo de lectura":"1 minuto"},"schema":{"@context":"https:\/\/schema.org","@graph":[{"@type":"WebPage","@id":"https:\/\/aiosaoliveoil.com\/es\/tienda-online\/500ml-aove-premium-coupage\/","url":"https:\/\/aiosaoliveoil.com\/es\/tienda-online\/500ml-aove-premium-coupage\/","name":"500ml Aove Premium Coupage - Evoo Online Store - AIOSA Aceite de Oliva","isPartOf":{"@id":"https:\/\/aiosaoliveoil.com\/es\/#website"},"primaryImageOfPage":{"@id":"https:\/\/aiosaoliveoil.com\/es\/tienda-online\/500ml-aove-premium-coupage\/#primaryimage"},"image":{"@id":"https:\/\/aiosaoliveoil.com\/es\/tienda-online\/500ml-aove-premium-coupage\/#primaryimage"},"thumbnailUrl":"https:\/\/aiosaoliveoil.com\/es\/wp-content\/uploads\/sites\/3\/2023\/02\/aiosa_botella.gif","datePublished":"2023-02-12T17:24:21+00:00","dateModified":"2026-03-06T16:43:04+00:00","description":"500ml Evoo premium coupage in our online store. Extra virgin olive oil in a convenient Doric bottle designed by Bruni Glass.","breadcrumb":{"@id":"https:\/\/aiosaoliveoil.com\/es\/tienda-online\/500ml-aove-premium-coupage\/#breadcrumb"},"inLanguage":"es","potentialAction":[{"@type":"ReadAction","target":["https:\/\/aiosaoliveoil.com\/es\/tienda-online\/500ml-aove-premium-coupage\/"]}]},{"@type":"ImageObject","inLanguage":"es","@id":"https:\/\/aiosaoliveoil.com\/es\/tienda-online\/500ml-aove-premium-coupage\/#primaryimage","url":"https:\/\/aiosaoliveoil.com\/es\/wp-content\/uploads\/sites\/3\/2023\/02\/aiosa_botella.gif","contentUrl":"https:\/\/aiosaoliveoil.com\/es\/wp-content\/uploads\/sites\/3\/2023\/02\/aiosa_botella.gif","width":600,"height":600},{"@type":"BreadcrumbList","@id":"https:\/\/aiosaoliveoil.com\/es\/tienda-online\/500ml-aove-premium-coupage\/#breadcrumb","itemListElement":[{"@type":"ListItem","position":1,"name":"Home","item":"https:\/\/aiosaoliveoil.com\/es\/"},{"@type":"ListItem","position":2,"name":"Tienda","item":"https:\/\/aiosaoliveoil.com\/es\/tienda\/"},{"@type":"ListItem","position":3,"name":"500ml Aove Premium Coupage"}]},{"@type":"WebSite","@id":"https:\/\/aiosaoliveoil.com\/es\/#website","url":"https:\/\/aiosaoliveoil.com\/es\/","name":"AIOSA Aceite de Oliva","description":"Aiosa Olive Oil","potentialAction":[{"@type":"SearchAction","target":{"@type":"EntryPoint","urlTemplate":"https:\/\/aiosaoliveoil.com\/es\/?s={search_term_string}"},"query-input":{"@type":"PropertyValueSpecification","valueRequired":true,"valueName":"search_term_string"}}],"inLanguage":"es"}]}},"jetpack_sharing_enabled":true,"_links":{"self":[{"href":"https:\/\/aiosaoliveoil.com\/es\/wp-json\/wp\/v2\/product\/791","targetHints":{"allow":["GET"]}}],"collection":[{"href":"https:\/\/aiosaoliveoil.com\/es\/wp-json\/wp\/v2\/product"}],"about":[{"href":"https:\/\/aiosaoliveoil.com\/es\/wp-json\/wp\/v2\/types\/product"}],"replies":[{"embeddable":true,"href":"https:\/\/aiosaoliveoil.com\/es\/wp-json\/wp\/v2\/comments?post=791"}],"wp:featuredmedia":[{"embeddable":true,"href":"https:\/\/aiosaoliveoil.com\/es\/wp-json\/wp\/v2\/media\/1298"}],"wp:attachment":[{"href":"https:\/\/aiosaoliveoil.com\/es\/wp-json\/wp\/v2\/media?parent=791"}],"wp:term":[{"taxonomy":"product_brand","embeddable":true,"href":"https:\/\/aiosaoliveoil.com\/es\/wp-json\/wp\/v2\/product_brand?post=791"},{"taxonomy":"product_cat","embeddable":true,"href":"https:\/\/aiosaoliveoil.com\/es\/wp-json\/wp\/v2\/product_cat?post=791"},{"taxonomy":"product_tag","embeddable":true,"href":"https:\/\/aiosaoliveoil.com\/es\/wp-json\/wp\/v2\/product_tag?post=791"}],"curies":[{"name":"wp","href":"https:\/\/api.w.org\/{rel}","templated":true}]}}