{"id":994,"date":"2023-04-26T18:58:52","date_gmt":"2023-04-26T16:58:52","guid":{"rendered":"https:\/\/aiosaoliveoil.com\/?page_id=994"},"modified":"2024-04-30T13:21:36","modified_gmt":"2024-04-30T11:21:36","slug":"accesibilidad","status":"publish","type":"page","link":"https:\/\/aiosaoliveoil.com\/es\/accesibilidad\/","title":{"rendered":"Accesibilidad"},"content":{"rendered":"<p>[et_pb_section fb_built=&#8221;1&#8243; admin_label=&#8221;section&#8221; _builder_version=&#8221;4.16&#8243; global_colors_info=&#8221;{}&#8221;][et_pb_row admin_label=&#8221;row&#8221; _builder_version=&#8221;4.16&#8243; background_size=&#8221;initial&#8221; background_position=&#8221;top_left&#8221; background_repeat=&#8221;repeat&#8221; global_colors_info=&#8221;{}&#8221;][et_pb_column type=&#8221;4_4&#8243; _builder_version=&#8221;4.16&#8243; custom_padding=&#8221;|||&#8221; global_colors_info=&#8221;{}&#8221; custom_padding__hover=&#8221;|||&#8221;][et_pb_post_title meta=&#8221;off&#8221; featured_image=&#8221;off&#8221; _builder_version=&#8221;4.20.4&#8243; _module_preset=&#8221;default&#8221; global_colors_info=&#8221;{}&#8221;][\/et_pb_post_title][et_pb_text admin_label=&#8221;Text&#8221; _builder_version=&#8221;4.25.0&#8243; background_size=&#8221;initial&#8221; background_position=&#8221;top_left&#8221; background_repeat=&#8221;repeat&#8221; hover_enabled=&#8221;0&#8243; global_colors_info=&#8221;{}&#8221; sticky_enabled=&#8221;0&#8243;]<\/p>\n<p>La accesibilidad web se refiere a la pr\u00e1ctica de hacer que <strong>los sitios web sean accesibles<\/strong> a todos los usuarios, independientemente de sus capacidades f\u00edsicas, mentales, tecnol\u00f3gicas y culturales. Los sitios web tambi\u00e9n deben estar dise\u00f1ados para que las personas con cualquier tipo de discapacidad puedan acceder a su contenido, leerlo y utilizarlo. \u00bfC\u00f3mo conseguirlo? Combinando elementos de programaci\u00f3n, etiquetado de contenidos y estilos de dise\u00f1o. Gracias a ello, conseguimos una <strong>experiencia de usuario personalizada<\/strong>.<\/p>\n<p>En Aiosa Olive Oil nos comprometemos a ofrecer un sitio web accesible para todos. Hemos seguido todas las recomendaciones de las Pautas de Accesibilidad al Contenido en la Web (WCAG) 2.0 y hemos alcanzado el nivel de <strong>conformidad con el doble AA<\/strong>.<\/p>\n<p>Hemos dise\u00f1ado este sitio web para que sea f\u00e1cil de usar para todos los usuarios. Hemos seguido los principios del dise\u00f1o universal para ofrecer una experiencia de usuario satisfactoria para todos y hemos aplicado diversas medidas para garantizar que <strong>la informaci\u00f3n sea accesible para todos<\/strong>. Por \u00faltimo, para verificar estas condiciones, hemos probado el sitio web con <a href=\"http:\/\/www.tawdis.net\/\" target=\"_blank\" rel=\"noreferrer noopener nofollow\">Tawdis<\/a> o con la <a href=\"https:\/\/wave.webaim.org\" target=\"_blank\" rel=\"noreferrer noopener nofollow\">herramienta Wave Evaluation<\/a>.<\/p>\n<p>[\/et_pb_text][\/et_pb_column][\/et_pb_row][\/et_pb_section][et_pb_section fb_built=&#8221;1&#8243; _builder_version=&#8221;4.21.0&#8243; _module_preset=&#8221;default&#8221; global_colors_info=&#8221;{}&#8221;][et_pb_row column_structure=&#8221;1_2,1_2&#8243; _builder_version=&#8221;4.21.0&#8243; _module_preset=&#8221;default&#8221; global_colors_info=&#8221;{}&#8221;][et_pb_column type=&#8221;1_2&#8243; _builder_version=&#8221;4.21.0&#8243; _module_preset=&#8221;default&#8221; global_colors_info=&#8221;{}&#8221;][et_pb_text _builder_version=&#8221;4.21.0&#8243; _module_preset=&#8221;default&#8221; custom_margin=&#8221;||||false|false&#8221; custom_padding=&#8221;30px||||false|false&#8221; global_colors_info=&#8221;{}&#8221;]<\/p>\n<p>Esta web est\u00e1 financiada por la Uni\u00f3n Europea &#8211; Nex Generation EU<\/p>\n<p>[\/et_pb_text][\/et_pb_column][et_pb_column type=&#8221;1_2&#8243; _builder_version=&#8221;4.21.0&#8243; _module_preset=&#8221;default&#8221; global_colors_info=&#8221;{}&#8221;][et_pb_image src=&#8221;https:\/\/aiosaoliveoil.com\/wp-content\/uploads\/sites\/3\/2023\/05\/logos_kit_digital-1.png&#8221; title_text=&#8221;logos_kit_digital&#8221; _builder_version=&#8221;4.21.0&#8243; _module_preset=&#8221;default&#8221; global_colors_info=&#8221;{}&#8221;][\/et_pb_image][\/et_pb_column][\/et_pb_row][\/et_pb_section]<\/p>\n","protected":false},"excerpt":{"rendered":"<p>La accesibilidad web se refiere a la pr\u00e1ctica de hacer que los sitios web sean accesibles a todos los usuarios, independientemente de sus capacidades f\u00edsicas, mentales, tecnol\u00f3gicas y culturales. Los sitios web tambi\u00e9n deben estar dise\u00f1ados para que las personas con cualquier tipo de discapacidad puedan acceder a su contenido, leerlo y utilizarlo. \u00bfC\u00f3mo conseguirlo? [&hellip;]<\/p>\n","protected":false},"author":5,"featured_media":0,"parent":0,"menu_order":0,"comment_status":"closed","ping_status":"closed","template":"","meta":{"_et_pb_use_builder":"on","_et_pb_old_content":"<!-- wp:paragraph -->\n<p>Web accessibility refers to the practice of making <strong>websites accessible<\/strong> to all users, regardless of their physical, mental, technological, and cultural abilities. Websites must also be designed so that people with any type of disability can access, read, and use their content. How do we achieve this? By combining programming elements, content labeling, and design styles. Thanks to this, we achieve a <strong>personalized user experience<\/strong>.<\/p>\n<!-- \/wp:paragraph -->\n\n<!-- wp:paragraph -->\n<p>At Gotor Drain Cleaning and Vacuuming, we are committed to offering an accessible website for everyone. We have followed all the recommendations of the Web Content Accessibility Guidelines (WCAG) 2.0 and have achieved the level of <strong>compliance with double AA<\/strong>.<\/p>\n<!-- \/wp:paragraph -->\n\n<!-- wp:paragraph -->\n<p>We have designed this website to be easy to use for all users. We have followed the principles of universal design to provide a satisfying user experience for everyone and implemented a variety of measures to ensure that <strong>information is accessible to all<\/strong>. Finally, to verify these conditions, we have tested the website with <a href=\"http:\/\/www.tawdis.net\/\" target=\"_blank\" rel=\"noreferrer noopener nofollow\">Tawdis<\/a> or with the <a href=\"https:\/\/wave.webaim.org\" target=\"_blank\" rel=\"noreferrer noopener nofollow\">Wave Evaluation tool<\/a>.<\/p>\n<!-- \/wp:paragraph -->","_et_gb_content_width":"","_trash_the_other_posts":false,"footnotes":""},"class_list":["post-994","page","type-page","status-publish","hentry"],"yoast_head":"<!-- This site is optimized with the Yoast SEO plugin v24.4 - https:\/\/yoast.com\/wordpress\/plugins\/seo\/ -->\n<title>Accesibilidad - AIOSA Aceite de Oliva<\/title>\n<meta name=\"robots\" content=\"index, follow, max-snippet:-1, max-image-preview:large, max-video-preview:-1\" \/>\n<link rel=\"canonical\" href=\"https:\/\/aiosaoliveoil.com\/es\/accesibilidad\/\" \/>\n<meta property=\"og:locale\" content=\"es_ES\" \/>\n<meta property=\"og:type\" content=\"article\" \/>\n<meta property=\"og:title\" content=\"Accesibilidad - AIOSA Aceite de Oliva\" \/>\n<meta property=\"og:description\" content=\"La accesibilidad web se refiere a la pr\u00e1ctica de hacer que los sitios web sean accesibles a todos los usuarios, independientemente de sus capacidades f\u00edsicas, mentales, tecnol\u00f3gicas y culturales. Los sitios web tambi\u00e9n deben estar dise\u00f1ados para que las personas con cualquier tipo de discapacidad puedan acceder a su contenido, leerlo y utilizarlo. \u00bfC\u00f3mo conseguirlo? [&hellip;]\" \/>\n<meta property=\"og:url\" content=\"https:\/\/aiosaoliveoil.com\/es\/accesibilidad\/\" \/>\n<meta property=\"og:site_name\" content=\"AIOSA Aceite de Oliva\" \/>\n<meta property=\"article:modified_time\" content=\"2024-04-30T11:21:36+00:00\" \/>\n<meta name=\"twitter:card\" content=\"summary_large_image\" \/>\n<meta name=\"twitter:label1\" content=\"Tiempo de lectura\" \/>\n\t<meta name=\"twitter:data1\" content=\"2 minutos\" \/>\n<script type=\"application\/ld+json\" class=\"yoast-schema-graph\">{\"@context\":\"https:\/\/schema.org\",\"@graph\":[{\"@type\":\"WebPage\",\"@id\":\"https:\/\/aiosaoliveoil.com\/es\/accesibilidad\/\",\"url\":\"https:\/\/aiosaoliveoil.com\/es\/accesibilidad\/\",\"name\":\"Accesibilidad - AIOSA Aceite de Oliva\",\"isPartOf\":{\"@id\":\"https:\/\/aiosaoliveoil.com\/es\/#website\"},\"datePublished\":\"2023-04-26T16:58:52+00:00\",\"dateModified\":\"2024-04-30T11:21:36+00:00\",\"breadcrumb\":{\"@id\":\"https:\/\/aiosaoliveoil.com\/es\/accesibilidad\/#breadcrumb\"},\"inLanguage\":\"es\",\"potentialAction\":[{\"@type\":\"ReadAction\",\"target\":[\"https:\/\/aiosaoliveoil.com\/es\/accesibilidad\/\"]}]},{\"@type\":\"BreadcrumbList\",\"@id\":\"https:\/\/aiosaoliveoil.com\/es\/accesibilidad\/#breadcrumb\",\"itemListElement\":[{\"@type\":\"ListItem\",\"position\":1,\"name\":\"Home\",\"item\":\"https:\/\/aiosaoliveoil.com\/es\/\"},{\"@type\":\"ListItem\",\"position\":2,\"name\":\"Accesibilidad\"}]},{\"@type\":\"WebSite\",\"@id\":\"https:\/\/aiosaoliveoil.com\/es\/#website\",\"url\":\"https:\/\/aiosaoliveoil.com\/es\/\",\"name\":\"AIOSA Aceite de Oliva\",\"description\":\"Aiosa Olive Oil\",\"potentialAction\":[{\"@type\":\"SearchAction\",\"target\":{\"@type\":\"EntryPoint\",\"urlTemplate\":\"https:\/\/aiosaoliveoil.com\/es\/?s={search_term_string}\"},\"query-input\":{\"@type\":\"PropertyValueSpecification\",\"valueRequired\":true,\"valueName\":\"search_term_string\"}}],\"inLanguage\":\"es\"}]}<\/script>\n<!-- \/ Yoast SEO plugin. -->","yoast_head_json":{"title":"Accesibilidad - AIOSA Aceite de Oliva","robots":{"index":"index","follow":"follow","max-snippet":"max-snippet:-1","max-image-preview":"max-image-preview:large","max-video-preview":"max-video-preview:-1"},"canonical":"https:\/\/aiosaoliveoil.com\/es\/accesibilidad\/","og_locale":"es_ES","og_type":"article","og_title":"Accesibilidad - AIOSA Aceite de Oliva","og_description":"La accesibilidad web se refiere a la pr\u00e1ctica de hacer que los sitios web sean accesibles a todos los usuarios, independientemente de sus capacidades f\u00edsicas, mentales, tecnol\u00f3gicas y culturales. Los sitios web tambi\u00e9n deben estar dise\u00f1ados para que las personas con cualquier tipo de discapacidad puedan acceder a su contenido, leerlo y utilizarlo. \u00bfC\u00f3mo conseguirlo? [&hellip;]","og_url":"https:\/\/aiosaoliveoil.com\/es\/accesibilidad\/","og_site_name":"AIOSA Aceite de Oliva","article_modified_time":"2024-04-30T11:21:36+00:00","twitter_card":"summary_large_image","twitter_misc":{"Tiempo de lectura":"2 minutos"},"schema":{"@context":"https:\/\/schema.org","@graph":[{"@type":"WebPage","@id":"https:\/\/aiosaoliveoil.com\/es\/accesibilidad\/","url":"https:\/\/aiosaoliveoil.com\/es\/accesibilidad\/","name":"Accesibilidad - AIOSA Aceite de Oliva","isPartOf":{"@id":"https:\/\/aiosaoliveoil.com\/es\/#website"},"datePublished":"2023-04-26T16:58:52+00:00","dateModified":"2024-04-30T11:21:36+00:00","breadcrumb":{"@id":"https:\/\/aiosaoliveoil.com\/es\/accesibilidad\/#breadcrumb"},"inLanguage":"es","potentialAction":[{"@type":"ReadAction","target":["https:\/\/aiosaoliveoil.com\/es\/accesibilidad\/"]}]},{"@type":"BreadcrumbList","@id":"https:\/\/aiosaoliveoil.com\/es\/accesibilidad\/#breadcrumb","itemListElement":[{"@type":"ListItem","position":1,"name":"Home","item":"https:\/\/aiosaoliveoil.com\/es\/"},{"@type":"ListItem","position":2,"name":"Accesibilidad"}]},{"@type":"WebSite","@id":"https:\/\/aiosaoliveoil.com\/es\/#website","url":"https:\/\/aiosaoliveoil.com\/es\/","name":"AIOSA Aceite de Oliva","description":"Aiosa Olive Oil","potentialAction":[{"@type":"SearchAction","target":{"@type":"EntryPoint","urlTemplate":"https:\/\/aiosaoliveoil.com\/es\/?s={search_term_string}"},"query-input":{"@type":"PropertyValueSpecification","valueRequired":true,"valueName":"search_term_string"}}],"inLanguage":"es"}]}},"jetpack_sharing_enabled":true,"_links":{"self":[{"href":"https:\/\/aiosaoliveoil.com\/es\/wp-json\/wp\/v2\/pages\/994","targetHints":{"allow":["GET"]}}],"collection":[{"href":"https:\/\/aiosaoliveoil.com\/es\/wp-json\/wp\/v2\/pages"}],"about":[{"href":"https:\/\/aiosaoliveoil.com\/es\/wp-json\/wp\/v2\/types\/page"}],"author":[{"embeddable":true,"href":"https:\/\/aiosaoliveoil.com\/es\/wp-json\/wp\/v2\/users\/5"}],"replies":[{"embeddable":true,"href":"https:\/\/aiosaoliveoil.com\/es\/wp-json\/wp\/v2\/comments?post=994"}],"version-history":[{"count":3,"href":"https:\/\/aiosaoliveoil.com\/es\/wp-json\/wp\/v2\/pages\/994\/revisions"}],"predecessor-version":[{"id":2069,"href":"https:\/\/aiosaoliveoil.com\/es\/wp-json\/wp\/v2\/pages\/994\/revisions\/2069"}],"wp:attachment":[{"href":"https:\/\/aiosaoliveoil.com\/es\/wp-json\/wp\/v2\/media?parent=994"}],"curies":[{"name":"wp","href":"https:\/\/api.w.org\/{rel}","templated":true}]}}