{"id":797,"date":"2023-02-12T18:29:35","date_gmt":"2023-02-12T17:29:35","guid":{"rendered":"https:\/\/aiosaoliveoil.com\/?page_id=797"},"modified":"2024-04-30T21:53:55","modified_gmt":"2024-04-30T19:53:55","slug":"aove-tienda-online","status":"publish","type":"page","link":"https:\/\/aiosaoliveoil.com\/es\/aove-tienda-online\/","title":{"rendered":"Tienda Aove"},"content":{"rendered":"<p>[et_pb_section fb_built=&#8221;1&#8243; admin_label=&#8221;Header&#8221; _builder_version=&#8221;4.20.4&#8243; use_background_color_gradient=&#8221;on&#8221; background_color_gradient_direction=&#8221;188deg&#8221; background_color_gradient_stops=&#8221;#ffffff 25%|rgba(255,255,255,0.5) 75%&#8221; background_color_gradient_overlays_image=&#8221;on&#8221; background_color_gradient_start=&#8221;#ffffff&#8221; background_color_gradient_start_position=&#8221;25%&#8221; background_color_gradient_end=&#8221;rgba(255,255,255,0.5)&#8221; background_image=&#8221;https:\/\/aiosaoliveoil.com\/wp-content\/uploads\/sites\/3\/2022\/06\/2021_07_Aiosa-20-scaled.jpg&#8221; width=&#8221;100%&#8221; max_width=&#8221;100%&#8221; max_width_tablet=&#8221;&#8221; max_width_phone=&#8221;&#8221; max_width_last_edited=&#8221;on|desktop&#8221; custom_padding=&#8221;0px||0px||true|false&#8221; locked=&#8221;off&#8221; global_colors_info=&#8221;{}&#8221;][et_pb_row use_custom_gutter=&#8221;on&#8221; make_equal=&#8221;on&#8221; custom_padding_last_edited=&#8221;off|phone&#8221; _builder_version=&#8221;4.19.5&#8243; background_image=&#8221;https:\/\/aiosaoliveoil.com\/wp-content\/uploads\/sites\/3\/2022\/10\/calligraphy_brushes_17.png&#8221; background_position=&#8221;bottom_center&#8221; width=&#8221;100%&#8221; max_width=&#8221;100%&#8221; min_height=&#8221;27px&#8221; custom_padding=&#8221;0px||||false&#8221; saved_tabs=&#8221;all&#8221; global_colors_info=&#8221;{}&#8221;][et_pb_column type=&#8221;4_4&#8243; _builder_version=&#8221;4.16&#8243; custom_padding=&#8221;|||&#8221; global_colors_info=&#8221;{}&#8221; custom_padding__hover=&#8221;|||&#8221;][et_pb_text module_id=&#8221;title&#8221; _builder_version=&#8221;4.25.0&#8243; _module_preset=&#8221;672902d4-9d1b-4536-a8de-ce37eab47878&#8243; text_text_shadow_style=&#8221;preset4&#8243; text_text_shadow_vertical_length=&#8221;0em&#8221; global_module=&#8221;891&#8243; saved_tabs=&#8221;all&#8221; global_colors_info=&#8221;{}&#8221;]<\/p>\n<h1>Aove<\/h1>\n<p>[\/et_pb_text][\/et_pb_column][\/et_pb_row][et_pb_row custom_padding_last_edited=&#8221;off|phone&#8221; padding_top_bottom_link_1=&#8221;true&#8221; padding_left_right_link_1=&#8221;true&#8221; _builder_version=&#8221;4.16&#8243; background_position=&#8221;bottom_center&#8221; max_width=&#8221;80%&#8221; custom_margin=&#8221;4vw|||&#8221; custom_padding_tablet=&#8221;17vw||17vw||false&#8221; use_custom_width=&#8221;on&#8221; width_unit=&#8221;off&#8221; custom_width_percent=&#8221;100%&#8221; global_colors_info=&#8221;{}&#8221;][et_pb_column type=&#8221;4_4&#8243; _builder_version=&#8221;4.16&#8243; custom_padding=&#8221;|||&#8221; custom_padding_tablet=&#8221;60px||60px||true&#8221; custom_padding_phone=&#8221;40px||40px||true&#8221; custom_padding_last_edited=&#8221;off|phone&#8221; global_colors_info=&#8221;{}&#8221; custom_padding__hover=&#8221;|||&#8221;][et_pb_text _builder_version=&#8221;4.23.1&#8243; _module_preset=&#8221;c6dda332-bc54-4081-ba9a-dc6bfea950bb&#8221; header_font=&#8221;|800||on|||||&#8221; header_2_font=&#8221;Mulish|800||on|||||&#8221; header_2_font_size=&#8221;22px&#8221; header_2_letter_spacing=&#8221;0.5em&#8221; header_2_line_height=&#8221;2em&#8221; max_width_tablet=&#8221;70%&#8221; max_width_last_edited=&#8221;off|phone&#8221; header_letter_spacing_last_edited=&#8221;off|desktop&#8221; text_text_shadow_style=&#8221;preset4&#8243; global_colors_info=&#8221;{}&#8221;]<\/p>\n<h4>Nuestra tienda<\/h4>\n<p>[\/et_pb_text][et_pb_text _builder_version=&#8221;4.25.0&#8243; text_font=&#8221;||||||||&#8221; header_font=&#8221;||||||||&#8221; header_2_font_size=&#8221;11vw&#8221; transform_translate_linked=&#8221;off&#8221; transform_rotate=&#8221;0deg|0deg|350deg&#8221; max_width=&#8221;100%&#8221; max_width_tablet=&#8221;70%&#8221; max_width_last_edited=&#8221;off|phone&#8221; custom_margin=&#8221;-6vw||&#8221; text_text_shadow_style=&#8221;preset4&#8243; text_text_shadow_color=&#8221;#000000&#8243; global_colors_info=&#8221;{}&#8221;]<\/p>\n<h2>Aove tienda online<\/h2>\n<p>[\/et_pb_text][\/et_pb_column][\/et_pb_row][et_pb_row _builder_version=&#8221;4.16&#8243; width=&#8221;100%&#8221; max_width=&#8221;100%&#8221; custom_margin=&#8221;|||||&#8221; custom_padding=&#8221;||0px|||&#8221; global_colors_info=&#8221;{}&#8221;][et_pb_column type=&#8221;4_4&#8243; _builder_version=&#8221;4.16&#8243; custom_padding=&#8221;|||&#8221; global_colors_info=&#8221;{}&#8221; custom_padding__hover=&#8221;|||&#8221;][et_pb_image src=&#8221;https:\/\/aiosaoliveoil.com\/wp-content\/uploads\/sites\/3\/2022\/10\/calligraphy_54.png&#8221; force_fullwidth=&#8221;on&#8221; align_tablet=&#8221;center&#8221; align_phone=&#8221;center&#8221; align_last_edited=&#8221;on|desktop&#8221; _builder_version=&#8221;4.16&#8243; global_colors_info=&#8221;{}&#8221;][\/et_pb_image][\/et_pb_column][\/et_pb_row][\/et_pb_section][et_pb_section fb_built=&#8221;1&#8243; admin_label=&#8221;Classes&#8221; _builder_version=&#8221;4.16&#8243; global_colors_info=&#8221;{}&#8221;][et_pb_row _builder_version=&#8221;4.16&#8243; background_size=&#8221;initial&#8221; background_position=&#8221;top_right&#8221; custom_margin=&#8221;||60px&#8221; custom_padding=&#8221;|40px||40px||&#8221; border_width_all=&#8221;1px&#8221; border_color_all=&#8221;rgba(0,0,0,0.12)&#8221; locked=&#8221;off&#8221; global_colors_info=&#8221;{}&#8221;][et_pb_column type=&#8221;4_4&#8243; _builder_version=&#8221;4.16&#8243; custom_padding=&#8221;|||&#8221; global_colors_info=&#8221;{}&#8221; custom_padding__hover=&#8221;|||&#8221;][et_pb_text _builder_version=&#8221;4.16&#8243; text_font=&#8221;||||||||&#8221; header_font=&#8221;||||||||&#8221; header_3_font=&#8221;Montserrat|600|||||||&#8221; header_3_font_size=&#8221;70px&#8221; header_3_line_height=&#8221;1.2em&#8221; background_color=&#8221;#ffffff&#8221; background_color_gradient_direction=&#8221;90deg&#8221; text_orientation=&#8221;center&#8221; max_width=&#8221;530px&#8221; module_alignment=&#8221;center&#8221; custom_margin=&#8221;||-80px&#8221; custom_margin_tablet=&#8221;&#8221; custom_margin_phone=&#8221;||-60px|&#8221; custom_margin_last_edited=&#8221;on|phone&#8221; header_3_font_size_tablet=&#8221;50px&#8221; header_3_font_size_phone=&#8221;30px&#8221; header_3_font_size_last_edited=&#8221;on|phone&#8221; global_colors_info=&#8221;{}&#8221;]<\/p>\n<h3>Cosecha temprana<\/h3>\n<p>[\/et_pb_text][\/et_pb_column][\/et_pb_row][et_pb_row _builder_version=&#8221;4.16&#8243; global_colors_info=&#8221;{}&#8221;][et_pb_column type=&#8221;4_4&#8243; _builder_version=&#8221;4.16&#8243; custom_padding=&#8221;|||&#8221; global_colors_info=&#8221;{}&#8221; custom_padding__hover=&#8221;|||&#8221;][et_pb_text _builder_version=&#8221;4.23.1&#8243; text_font=&#8221;Muli||||||||&#8221; text_font_size=&#8221;17px&#8221; text_line_height=&#8221;2em&#8221; background_enable_color=&#8221;off&#8221; text_orientation=&#8221;center&#8221; max_width=&#8221;800px&#8221; max_width_tablet=&#8221;none&#8221; max_width_last_edited=&#8221;off|phone&#8221; module_alignment=&#8221;center&#8221; text_font_size_tablet=&#8221;&#8221; text_font_size_phone=&#8221;15px&#8221; text_font_size_last_edited=&#8221;on|desktop&#8221; text_line_height_tablet=&#8221;&#8221; text_line_height_phone=&#8221;1.7em&#8221; text_line_height_last_edited=&#8221;on|phone&#8221; locked=&#8221;off&#8221; global_colors_info=&#8221;{}&#8221;]<\/p>\n<p><strong>Si desea comprar aceite de oliva virgen extra por Internet, busque una tienda especializada en AOVE que ofrezca aceite de cosecha temprana.<\/strong><span>\u00a0Aseg\u00farate de revisar los m\u00e9todos de abastecimiento y producci\u00f3n de la tienda para asegurarte de que obtienes un producto fresco y de alta calidad. Busque espec\u00edficamente el AOVE de cosecha temprana para experimentar su intenso sabor y sus beneficios para la salud.<\/span><\/p>\n<p>[\/et_pb_text][\/et_pb_column][\/et_pb_row][et_pb_row _builder_version=&#8221;4.16&#8243; global_colors_info=&#8221;{}&#8221;][et_pb_column type=&#8221;4_4&#8243; _builder_version=&#8221;4.16&#8243; custom_padding=&#8221;|||&#8221; global_colors_info=&#8221;{}&#8221; custom_padding__hover=&#8221;|||&#8221;][et_pb_shop posts_number=&#8221;3&#8243; columns_number=&#8221;3&#8243; orderby=&#8221;price&#8221; show_rating=&#8221;off&#8221; show_sale_badge=&#8221;off&#8221; _builder_version=&#8221;4.25.0&#8243; _module_preset=&#8221;default&#8221; title_font=&#8221;|600||on|||||&#8221; title_font_size=&#8221;16px&#8221; title_line_height=&#8221;3em&#8221; price_font=&#8221;||||||||&#8221; price_text_color=&#8221;#000000&#8243; price_font_size=&#8221;16px&#8221; text_orientation=&#8221;center&#8221; hover_enabled=&#8221;0&#8243; global_colors_info=&#8221;{}&#8221; sticky_enabled=&#8221;0&#8243;][\/et_pb_shop][\/et_pb_column][\/et_pb_row][\/et_pb_section][et_pb_section fb_built=&#8221;1&#8243; admin_label=&#8221;Footer&#8221; module_class=&#8221;final&#8221; _builder_version=&#8221;4.21.0&#8243; use_background_color_gradient=&#8221;on&#8221; background_color_gradient_direction=&#8221;90deg&#8221; background_color_gradient_stops=&#8221;#eaeaea 40%|rgba(255,255,255,0) 100%&#8221; background_color_gradient_overlays_image=&#8221;on&#8221; background_color_gradient_start=&#8221;#eaeaea&#8221; background_color_gradient_start_position=&#8221;40%&#8221; background_color_gradient_end=&#8221;rgba(255,255,255,0)&#8221; background_image=&#8221;https:\/\/aiosaoliveoil.com\/wp-content\/uploads\/sites\/3\/2023\/02\/botella_aiosa.jpg&#8221; background_position=&#8221;center_left&#8221; width=&#8221;100%&#8221; max_width=&#8221;100%&#8221; max_width_tablet=&#8221;&#8221; max_width_phone=&#8221;&#8221; max_width_last_edited=&#8221;on|desktop&#8221; custom_padding=&#8221;0px||0px||true|false&#8221; global_module=&#8221;852&#8243; saved_tabs=&#8221;all&#8221; locked=&#8221;off&#8221; global_colors_info=&#8221;{}&#8221;][et_pb_row use_custom_gutter=&#8221;on&#8221; make_equal=&#8221;on&#8221; custom_padding_last_edited=&#8221;on|phone&#8221; _builder_version=&#8221;4.16&#8243; background_image=&#8221;https:\/\/aiosaoliveoil.com\/wp-content\/uploads\/sites\/3\/2022\/10\/calligraphy_68.png&#8221; background_position=&#8221;bottom_center&#8221; width=&#8221;100%&#8221; max_width=&#8221;100%&#8221; min_height=&#8221;27px&#8221; custom_margin=&#8221;||60px&#8221; custom_padding=&#8221;0px||5vw||false&#8221; custom_padding_tablet=&#8221;&#8221; custom_padding_phone=&#8221;&#8221; global_colors_info=&#8221;{}&#8221;][et_pb_column type=&#8221;4_4&#8243; _builder_version=&#8221;4.16&#8243; custom_padding=&#8221;|||&#8221; global_colors_info=&#8221;{}&#8221; custom_padding__hover=&#8221;|||&#8221;][et_pb_text _builder_version=&#8221;4.25.0&#8243; text_font=&#8221;Allura||||||||&#8221; text_font_size=&#8221;18vw&#8221; text_line_height=&#8221;0.3em&#8221; header_3_font=&#8221;||||||||&#8221; text_orientation=&#8221;right&#8221; filter_opacity=&#8221;9%&#8221; locked=&#8221;off&#8221; global_colors_info=&#8221;{}&#8221;]<\/p>\n<p>aceite de oliva<\/p>\n<p>[\/et_pb_text][\/et_pb_column][\/et_pb_row][et_pb_row column_structure=&#8221;1_2,1_2&#8243; make_equal=&#8221;on&#8221; _builder_version=&#8221;4.21.0&#8243; background_size=&#8221;initial&#8221; background_position=&#8221;top_right&#8221; custom_margin=&#8221;60px|auto|-2px|auto|false|false&#8221; custom_padding=&#8221;|40px||40px||&#8221; locked=&#8221;off&#8221; global_colors_info=&#8221;{}&#8221;][et_pb_column type=&#8221;1_2&#8243; module_class=&#8221;purchase&#8221; admin_label=&#8221;purchase&#8221; _builder_version=&#8221;4.21.0&#8243; custom_padding=&#8221;|||&#8221; border_width_all=&#8221;1px&#8221; border_color_all=&#8221;rgba(0,0,0,0.12)&#8221; global_colors_info=&#8221;{}&#8221; custom_padding__hover=&#8221;|||&#8221;][et_pb_image src=&#8221;https:\/\/aiosaoliveoil.com\/wp-content\/uploads\/sites\/3\/2022\/10\/calligraphy_61.png&#8221; align=&#8221;right&#8221; disabled_on=&#8221;on|on|off&#8221; _builder_version=&#8221;4.21.0&#8243; max_width=&#8221;200px&#8221; max_width_tablet=&#8221;&#8221; max_width_phone=&#8221;180px&#8221; max_width_last_edited=&#8221;on|desktop&#8221; custom_margin=&#8221;-130px|-8vw||&#8221; custom_margin_tablet=&#8221;&#8221; custom_margin_phone=&#8221;-150px||0px|&#8221; custom_margin_last_edited=&#8221;on|phone&#8221; always_center_on_mobile=&#8221;off&#8221; locked=&#8221;off&#8221; global_colors_info=&#8221;{}&#8221;][\/et_pb_image][et_pb_text _builder_version=&#8221;4.23.1&#8243; _module_preset=&#8221;0f015743-7345-4f44-8e2e-b8d9eb35bef0&#8243; transform_scale_tablet=&#8221;&#8221; transform_scale_phone=&#8221;&#8221; transform_scale_last_edited=&#8221;on|tablet&#8221; transform_translate=&#8221;-100px|100px&#8221; transform_skew_tablet=&#8221;&#8221; transform_skew_phone=&#8221;&#8221; transform_skew_last_edited=&#8221;on|desktop&#8221; transform_styles_last_edited=&#8221;on|tablet&#8221; custom_margin=&#8221;||-60px&#8221; custom_margin_tablet=&#8221;||20px|20px|false|false&#8221; custom_margin_phone=&#8221;&#8221; custom_margin_last_edited=&#8221;on|desktop&#8221; transform_styles_tablet=&#8221;&#8221; transform_styles_phone=&#8221;&#8221; locked=&#8221;off&#8221; global_colors_info=&#8221;{}&#8221;]<\/p>\n<h4>EMPECEMOS<\/h4>\n<p>[\/et_pb_text][et_pb_text _builder_version=&#8221;4.23.1&#8243; _module_preset=&#8221;9379bace-06df-4e87-b652-5727598ec02b&#8221; use_background_color_gradient=&#8221;on&#8221; background_color_gradient_direction=&#8221;90deg&#8221; background_color_gradient_stops=&#8221;gcid-8f8c1245-5e7d-4dd1-b7a9-66b7e3dad473 0%|gcid-9aad312c-7879-4996-9bea-40bd0b5829ce 100%&#8221; custom_margin_tablet=&#8221;&#8221; custom_margin_phone=&#8221;&#8221; custom_margin_last_edited=&#8221;on|phone&#8221; background_last_edited=&#8221;on|phone&#8221; use_background_color_gradient_tablet=&#8221;on&#8221; background_color_gradient_stops_tablet=&#8221;gcid-8f8c1245-5e7d-4dd1-b7a9-66b7e3dad473 0%|gcid-9aad312c-7879-4996-9bea-40bd0b5829ce 70%&#8221; global_colors_info=&#8221;{}&#8221;]<\/p>\n<h5>\u00bfDesea comprar Aceite de Oliva Virgen Extra?<\/h5>\n<p>[\/et_pb_text][et_pb_button button_url=&#8221;@ET-DC@eyJkeW5hbWljIjp0cnVlLCJjb250ZW50IjoicG9zdF9saW5rX3VybF9wYWdlIiwic2V0dGluZ3MiOnsicG9zdF9pZCI6Ijc5NyJ9fQ==@&#8221; button_text=&#8221;Comprarlo&#8221; _builder_version=&#8221;4.25.0&#8243; _dynamic_attributes=&#8221;button_url&#8221; button_font=&#8221;|600||on|||||&#8221; custom_margin=&#8221;||-30px||false|false&#8221; locked=&#8221;off&#8221; global_colors_info=&#8221;{}&#8221;][\/et_pb_button][\/et_pb_column][et_pb_column type=&#8221;1_2&#8243; module_class=&#8221;talktous&#8221; admin_label=&#8221;talk to us&#8221; _builder_version=&#8221;4.21.0&#8243; custom_padding=&#8221;||||false|false&#8221; border_width_all=&#8221;1px&#8221; border_color_all=&#8221;rgba(0,0,0,0.12)&#8221; global_colors_info=&#8221;{}&#8221; custom_padding__hover=&#8221;|||&#8221;][et_pb_text _builder_version=&#8221;4.23.1&#8243; _module_preset=&#8221;9379bace-06df-4e87-b652-5727598ec02b&#8221; header_font=&#8221;||||||||&#8221; header_3_font=&#8221;Mulish|800|||||||&#8221; header_3_font_size=&#8221;64px&#8221; header_3_line_height=&#8221;1.2em&#8221; use_background_color_gradient=&#8221;on&#8221; background_color_gradient_direction=&#8221;90deg&#8221; background_color_gradient_stops=&#8221;rgba(234,234,234,0.25) 0%|rgba(234,234,234,0) 60%&#8221; custom_margin=&#8221;163px||163px|-30px|true|false&#8221; custom_margin_tablet=&#8221;80px||80px||true|false&#8221; custom_margin_phone=&#8221;&#8221; custom_margin_last_edited=&#8221;on|phone&#8221; custom_padding=&#8221;||||false|false&#8221; header_3_font_size_tablet=&#8221;&#8221; header_3_font_size_phone=&#8221;&#8221; header_3_font_size_last_edited=&#8221;on|phone&#8221; background_last_edited=&#8221;on|phone&#8221; use_background_color_gradient_tablet=&#8221;on&#8221; use_background_color_gradient_phone=&#8221;on&#8221; background_color_gradient_stops_tablet=&#8221;#eaeaea 0%|rgba(234,234,234,0) 60%&#8221; background_color_gradient_stops_phone=&#8221;#eaeaea 0%|rgba(234,234,234,0) 69%&#8221; locked=&#8221;off&#8221; global_colors_info=&#8221;{}&#8221;]<\/p>\n<h5>\u00bfQuieres hablar con nosotros?<\/h5>\n<p>[\/et_pb_text][et_pb_button button_url=&#8221;@ET-DC@eyJkeW5hbWljIjp0cnVlLCJjb250ZW50IjoicG9zdF9saW5rX3VybF9wYWdlIiwic2V0dGluZ3MiOnsicG9zdF9pZCI6IjUwNCJ9fQ==@&#8221; button_text=&#8221;Contactenos&#8221; _builder_version=&#8221;4.25.0&#8243; _dynamic_attributes=&#8221;button_url&#8221; button_font=&#8221;|600||on|||||&#8221; custom_margin_tablet=&#8221;&#8221; custom_margin_phone=&#8221;||-35px||false|false&#8221; custom_margin_last_edited=&#8221;on|phone&#8221; locked=&#8221;off&#8221; global_colors_info=&#8221;{}&#8221;][\/et_pb_button][\/et_pb_column][\/et_pb_row][et_pb_row custom_padding_last_edited=&#8221;off|tablet&#8221; _builder_version=&#8221;4.16&#8243; width=&#8221;100%&#8221; max_width=&#8221;100%&#8221; min_height=&#8221;27px&#8221; custom_padding=&#8221;||0px|||&#8221; locked=&#8221;off&#8221; global_colors_info=&#8221;{}&#8221;][et_pb_column type=&#8221;4_4&#8243; _builder_version=&#8221;4.16&#8243; custom_padding=&#8221;|||&#8221; global_colors_info=&#8221;{}&#8221; custom_padding__hover=&#8221;|||&#8221;][et_pb_image src=&#8221;https:\/\/aiosaoliveoil.com\/wp-content\/uploads\/sites\/3\/2022\/10\/calligraphy_brushes_17.png&#8221; title_text=&#8221;verde_brushes_17&#8243; align_tablet=&#8221;center&#8221; align_phone=&#8221;center&#8221; align_last_edited=&#8221;on|desktop&#8221; _builder_version=&#8221;4.23.1&#8243; global_colors_info=&#8221;{}&#8221;][\/et_pb_image][\/et_pb_column][\/et_pb_row][\/et_pb_section][et_pb_section fb_built=&#8221;1&#8243; _builder_version=&#8221;4.21.0&#8243; _module_preset=&#8221;default&#8221; global_colors_info=&#8221;{}&#8221;][et_pb_row column_structure=&#8221;1_2,1_2&#8243; _builder_version=&#8221;4.21.0&#8243; _module_preset=&#8221;default&#8221; global_colors_info=&#8221;{}&#8221;][et_pb_column type=&#8221;1_2&#8243; _builder_version=&#8221;4.21.0&#8243; _module_preset=&#8221;default&#8221; global_colors_info=&#8221;{}&#8221;][et_pb_text _builder_version=&#8221;4.21.0&#8243; _module_preset=&#8221;default&#8221; custom_margin=&#8221;||||false|false&#8221; custom_padding=&#8221;30px||||false|false&#8221; global_colors_info=&#8221;{}&#8221;]<\/p>\n<p>Esta web est\u00e1 financiada por la Uni\u00f3n Europea &#8211; Nex Generation EU<\/p>\n<p>[\/et_pb_text][\/et_pb_column][et_pb_column type=&#8221;1_2&#8243; _builder_version=&#8221;4.21.0&#8243; _module_preset=&#8221;default&#8221; global_colors_info=&#8221;{}&#8221;][et_pb_image src=&#8221;https:\/\/aiosaoliveoil.com\/wp-content\/uploads\/sites\/3\/2023\/05\/logos_kit_digital-1.png&#8221; title_text=&#8221;logos_kit_digital&#8221; _builder_version=&#8221;4.21.0&#8243; _module_preset=&#8221;default&#8221; global_colors_info=&#8221;{}&#8221;][\/et_pb_image][\/et_pb_column][\/et_pb_row][\/et_pb_section]<\/p>\n","protected":false},"excerpt":{"rendered":"<p>Aove Nuestra tiendaAove tienda onlineCosecha tempranaSi desea comprar aceite de oliva virgen extra por Internet, busque una tienda especializada en AOVE que ofrezca aceite de cosecha temprana.\u00a0Aseg\u00farate de revisar los m\u00e9todos de abastecimiento y producci\u00f3n de la tienda para asegurarte de que obtienes un producto fresco y de alta calidad. Busque espec\u00edficamente el AOVE de [&hellip;]<\/p>\n","protected":false},"author":5,"featured_media":0,"parent":0,"menu_order":0,"comment_status":"closed","ping_status":"closed","template":"","meta":{"_et_pb_use_builder":"on","_et_pb_old_content":"","_et_gb_content_width":"","_trash_the_other_posts":false,"footnotes":""},"class_list":["post-797","page","type-page","status-publish","hentry"],"yoast_head":"<!-- This site is optimized with the Yoast SEO plugin v24.4 - https:\/\/yoast.com\/wordpress\/plugins\/seo\/ -->\n<title>Evoo Online Store - Extra Virgin Olive Oil - AIOSA Aceite de Oliva<\/title>\n<meta name=\"description\" content=\"Evo Online Store for those looking to purchase extra virgin olive oil online, consider a store that specializes in EVOO and offers early harvest options.\" \/>\n<meta name=\"robots\" content=\"index, follow, max-snippet:-1, max-image-preview:large, max-video-preview:-1\" \/>\n<link rel=\"canonical\" href=\"https:\/\/aiosaoliveoil.com\/es\/aove-tienda-online\/\" \/>\n<meta property=\"og:locale\" content=\"es_ES\" \/>\n<meta property=\"og:type\" content=\"article\" \/>\n<meta property=\"og:title\" content=\"Evoo Online Store - Extra Virgin Olive Oil - AIOSA Aceite de Oliva\" \/>\n<meta property=\"og:description\" content=\"Evo Online Store for those looking to purchase extra virgin olive oil online, consider a store that specializes in EVOO and offers early harvest options.\" \/>\n<meta property=\"og:url\" content=\"https:\/\/aiosaoliveoil.com\/es\/aove-tienda-online\/\" \/>\n<meta property=\"og:site_name\" content=\"AIOSA Aceite de Oliva\" \/>\n<meta property=\"article:modified_time\" content=\"2024-04-30T19:53:55+00:00\" \/>\n<meta name=\"twitter:card\" content=\"summary_large_image\" \/>\n<meta name=\"twitter:label1\" content=\"Tiempo de lectura\" \/>\n\t<meta name=\"twitter:data1\" content=\"3 minutos\" \/>\n<script type=\"application\/ld+json\" class=\"yoast-schema-graph\">{\"@context\":\"https:\/\/schema.org\",\"@graph\":[{\"@type\":\"WebPage\",\"@id\":\"https:\/\/aiosaoliveoil.com\/es\/aove-tienda-online\/\",\"url\":\"https:\/\/aiosaoliveoil.com\/es\/aove-tienda-online\/\",\"name\":\"Evoo Online Store - Extra Virgin Olive Oil - AIOSA Aceite de Oliva\",\"isPartOf\":{\"@id\":\"https:\/\/aiosaoliveoil.com\/es\/#website\"},\"datePublished\":\"2023-02-12T17:29:35+00:00\",\"dateModified\":\"2024-04-30T19:53:55+00:00\",\"description\":\"Evo Online Store for those looking to purchase extra virgin olive oil online, consider a store that specializes in EVOO and offers early harvest options.\",\"breadcrumb\":{\"@id\":\"https:\/\/aiosaoliveoil.com\/es\/aove-tienda-online\/#breadcrumb\"},\"inLanguage\":\"es\",\"potentialAction\":[{\"@type\":\"ReadAction\",\"target\":[\"https:\/\/aiosaoliveoil.com\/es\/aove-tienda-online\/\"]}]},{\"@type\":\"BreadcrumbList\",\"@id\":\"https:\/\/aiosaoliveoil.com\/es\/aove-tienda-online\/#breadcrumb\",\"itemListElement\":[{\"@type\":\"ListItem\",\"position\":1,\"name\":\"Home\",\"item\":\"https:\/\/aiosaoliveoil.com\/es\/\"},{\"@type\":\"ListItem\",\"position\":2,\"name\":\"Tienda Aove\"}]},{\"@type\":\"WebSite\",\"@id\":\"https:\/\/aiosaoliveoil.com\/es\/#website\",\"url\":\"https:\/\/aiosaoliveoil.com\/es\/\",\"name\":\"AIOSA Aceite de Oliva\",\"description\":\"Aiosa Olive Oil\",\"potentialAction\":[{\"@type\":\"SearchAction\",\"target\":{\"@type\":\"EntryPoint\",\"urlTemplate\":\"https:\/\/aiosaoliveoil.com\/es\/?s={search_term_string}\"},\"query-input\":{\"@type\":\"PropertyValueSpecification\",\"valueRequired\":true,\"valueName\":\"search_term_string\"}}],\"inLanguage\":\"es\"}]}<\/script>\n<!-- \/ Yoast SEO plugin. -->","yoast_head_json":{"title":"Evoo Online Store - Extra Virgin Olive Oil - AIOSA Aceite de Oliva","description":"Evo Online Store for those looking to purchase extra virgin olive oil online, consider a store that specializes in EVOO and offers early harvest options.","robots":{"index":"index","follow":"follow","max-snippet":"max-snippet:-1","max-image-preview":"max-image-preview:large","max-video-preview":"max-video-preview:-1"},"canonical":"https:\/\/aiosaoliveoil.com\/es\/aove-tienda-online\/","og_locale":"es_ES","og_type":"article","og_title":"Evoo Online Store - Extra Virgin Olive Oil - AIOSA Aceite de Oliva","og_description":"Evo Online Store for those looking to purchase extra virgin olive oil online, consider a store that specializes in EVOO and offers early harvest options.","og_url":"https:\/\/aiosaoliveoil.com\/es\/aove-tienda-online\/","og_site_name":"AIOSA Aceite de Oliva","article_modified_time":"2024-04-30T19:53:55+00:00","twitter_card":"summary_large_image","twitter_misc":{"Tiempo de lectura":"3 minutos"},"schema":{"@context":"https:\/\/schema.org","@graph":[{"@type":"WebPage","@id":"https:\/\/aiosaoliveoil.com\/es\/aove-tienda-online\/","url":"https:\/\/aiosaoliveoil.com\/es\/aove-tienda-online\/","name":"Evoo Online Store - Extra Virgin Olive Oil - AIOSA Aceite de Oliva","isPartOf":{"@id":"https:\/\/aiosaoliveoil.com\/es\/#website"},"datePublished":"2023-02-12T17:29:35+00:00","dateModified":"2024-04-30T19:53:55+00:00","description":"Evo Online Store for those looking to purchase extra virgin olive oil online, consider a store that specializes in EVOO and offers early harvest options.","breadcrumb":{"@id":"https:\/\/aiosaoliveoil.com\/es\/aove-tienda-online\/#breadcrumb"},"inLanguage":"es","potentialAction":[{"@type":"ReadAction","target":["https:\/\/aiosaoliveoil.com\/es\/aove-tienda-online\/"]}]},{"@type":"BreadcrumbList","@id":"https:\/\/aiosaoliveoil.com\/es\/aove-tienda-online\/#breadcrumb","itemListElement":[{"@type":"ListItem","position":1,"name":"Home","item":"https:\/\/aiosaoliveoil.com\/es\/"},{"@type":"ListItem","position":2,"name":"Tienda Aove"}]},{"@type":"WebSite","@id":"https:\/\/aiosaoliveoil.com\/es\/#website","url":"https:\/\/aiosaoliveoil.com\/es\/","name":"AIOSA Aceite de Oliva","description":"Aiosa Olive Oil","potentialAction":[{"@type":"SearchAction","target":{"@type":"EntryPoint","urlTemplate":"https:\/\/aiosaoliveoil.com\/es\/?s={search_term_string}"},"query-input":{"@type":"PropertyValueSpecification","valueRequired":true,"valueName":"search_term_string"}}],"inLanguage":"es"}]}},"jetpack_sharing_enabled":true,"_links":{"self":[{"href":"https:\/\/aiosaoliveoil.com\/es\/wp-json\/wp\/v2\/pages\/797","targetHints":{"allow":["GET"]}}],"collection":[{"href":"https:\/\/aiosaoliveoil.com\/es\/wp-json\/wp\/v2\/pages"}],"about":[{"href":"https:\/\/aiosaoliveoil.com\/es\/wp-json\/wp\/v2\/types\/page"}],"author":[{"embeddable":true,"href":"https:\/\/aiosaoliveoil.com\/es\/wp-json\/wp\/v2\/users\/5"}],"replies":[{"embeddable":true,"href":"https:\/\/aiosaoliveoil.com\/es\/wp-json\/wp\/v2\/comments?post=797"}],"version-history":[{"count":17,"href":"https:\/\/aiosaoliveoil.com\/es\/wp-json\/wp\/v2\/pages\/797\/revisions"}],"predecessor-version":[{"id":2098,"href":"https:\/\/aiosaoliveoil.com\/es\/wp-json\/wp\/v2\/pages\/797\/revisions\/2098"}],"wp:attachment":[{"href":"https:\/\/aiosaoliveoil.com\/es\/wp-json\/wp\/v2\/media?parent=797"}],"curies":[{"name":"wp","href":"https:\/\/api.w.org\/{rel}","templated":true}]}}